{"id":97,"date":"2025-03-23T20:33:36","date_gmt":"2025-03-23T20:33:36","guid":{"rendered":"https:\/\/tratwaszczecinek.pl\/?page_id=97"},"modified":"2025-03-23T20:33:36","modified_gmt":"2025-03-23T20:33:36","slug":"placowka-wsparcia-dziennego","status":"publish","type":"page","link":"https:\/\/tratwaszczecinek.pl\/index.php\/placowka-wsparcia-dziennego\/","title":{"rendered":"Plac\u00f3wka Wsparcia Dziennego"},"content":{"rendered":"<style>.kb-row-layout-id97_8a3899-20 > .kt-row-column-wrap{align-content:start;}:where(.kb-row-layout-id97_8a3899-20 > .kt-row-column-wrap) > .wp-block-kadence-column{justify-content:start;}.kb-row-layout-id97_8a3899-20 > .kt-row-column-wrap{column-gap:var(--global-kb-gap-md, 2rem);row-gap:var(--global-kb-gap-md, 2rem);padding-top:var(--global-kb-spacing-sm, 1.5rem);padding-bottom:var(--global-kb-spacing-sm, 1.5rem);grid-template-columns:repeat(2, minmax(0, 1fr));}.kb-row-layout-id97_8a3899-20 > .kt-row-layout-overlay{opacity:0.30;}@media all and (max-width: 1024px){.kb-row-layout-id97_8a3899-20 > .kt-row-column-wrap{grid-template-columns:repeat(2, minmax(0, 1fr));}}@media all and (max-width: 767px){.kb-row-layout-id97_8a3899-20 > .kt-row-column-wrap{grid-template-columns:minmax(0, 1fr);}}<\/style><div class=\"kb-row-layout-wrap kb-row-layout-id97_8a3899-20 alignnone wp-block-kadence-rowlayout\"><div class=\"kt-row-column-wrap kt-has-2-columns kt-row-layout-equal kt-tab-layout-inherit kt-mobile-layout-row kt-row-valign-top\">\n<style>.kadence-column97_b2329f-dd > .kt-inside-inner-col,.kadence-column97_b2329f-dd > .kt-inside-inner-col:before{border-top-left-radius:0px;border-top-right-radius:0px;border-bottom-right-radius:0px;border-bottom-left-radius:0px;}.kadence-column97_b2329f-dd > .kt-inside-inner-col{column-gap:var(--global-kb-gap-sm, 1rem);}.kadence-column97_b2329f-dd > .kt-inside-inner-col{flex-direction:column;}.kadence-column97_b2329f-dd > .kt-inside-inner-col > .aligncenter{width:100%;}.kadence-column97_b2329f-dd > .kt-inside-inner-col:before{opacity:0.3;}.kadence-column97_b2329f-dd{position:relative;}@media all and (max-width: 1024px){.kadence-column97_b2329f-dd > .kt-inside-inner-col{flex-direction:column;justify-content:center;}}@media all and (max-width: 767px){.kadence-column97_b2329f-dd > .kt-inside-inner-col{flex-direction:column;justify-content:center;}}<\/style>\n<div class=\"wp-block-kadence-column kadence-column97_b2329f-dd\"><div class=\"kt-inside-inner-col\">\n<p>Adres: 78-400 Szczecinek, ul. Wiejska 4<br>Godziny otwarcia:<br>Pon-Pt 10.30-18.30<\/p>\n\n\n\n<p>Zaj\u0119cia w Plac\u00f3wce prowadzone s\u0105 w dw\u00f3ch grupach wiekowych:<br>11:30 \u2013 15:30 (grupa \u015bwietlicowa, 7-12 lat)<br>15:30 \u2013 18:30 (klub m\u0142odzie\u017cowa, 12-17 lat)<\/p>\n<\/div><\/div>\n\n\n<style>.kadence-column97_307781-56 > .kt-inside-inner-col,.kadence-column97_307781-56 > .kt-inside-inner-col:before{border-top-left-radius:0px;border-top-right-radius:0px;border-bottom-right-radius:0px;border-bottom-left-radius:0px;}.kadence-column97_307781-56 > .kt-inside-inner-col{column-gap:var(--global-kb-gap-sm, 1rem);}.kadence-column97_307781-56 > .kt-inside-inner-col{flex-direction:column;}.kadence-column97_307781-56 > .kt-inside-inner-col > .aligncenter{width:100%;}.kadence-column97_307781-56 > .kt-inside-inner-col:before{opacity:0.3;}.kadence-column97_307781-56{position:relative;}@media all and (max-width: 1024px){.kadence-column97_307781-56 > .kt-inside-inner-col{flex-direction:column;justify-content:center;}}@media all and (max-width: 767px){.kadence-column97_307781-56 > .kt-inside-inner-col{flex-direction:column;justify-content:center;}}<\/style>\n<div class=\"wp-block-kadence-column kadence-column97_307781-56\"><div class=\"kt-inside-inner-col\">\n<p>Realizowane zadania:<\/p>\n\n\n\n<ul class=\"wp-block-list\">\n<li>pomoc w nauce i edukacji, rozw\u00f3j zainteresowa\u0144,<\/li>\n\n\n\n<li>zaj\u0119cia dydaktyczne (sportowe, komputerowe, plastyczne, edukacyjne, kreatywne itd.),<\/li>\n\n\n\n<li>socjoterapia w obu grupach wiekowych; grupowa oraz indywidualna,<\/li>\n\n\n\n<li>do\u017cywienie dzieci w ramach dofinansowania z akcji humanitarnej \u201ePajacyk\u201d,<\/li>\n\n\n\n<li>realizacja projekt\u00f3w edukacyjno-animacyjnych.<\/li>\n<\/ul>\n<\/div><\/div>\n\n<\/div><\/div>\n\n\n<p><\/p>\n","protected":false},"excerpt":{"rendered":"<p>Adres: 78-400 Szczecinek, ul. Wiejska 4Godziny otwarcia:Pon-Pt 10.30-18.30 Zaj\u0119cia w Plac\u00f3wce prowadzone s\u0105 w dw\u00f3ch grupach wiekowych:11:30 \u2013 15:30 (grupa \u015bwietlicowa, 7-12 lat)15:30 \u2013 18:30 (klub m\u0142odzie\u017cowa, 12-17 lat) Realizowane zadania:<\/p>\n","protected":false},"author":1,"featured_media":0,"parent":0,"menu_order":0,"comment_status":"closed","ping_status":"closed","template":"","meta":{"_kad_blocks_custom_css":"","_kad_blocks_head_custom_js":"","_kad_blocks_body_custom_js":"","_kad_blocks_footer_custom_js":"","_kadence_starter_templates_imported_post":false,"_kad_post_transparent":"","_kad_post_title":"","_kad_post_layout":"","_kad_post_sidebar_id":"","_kad_post_content_style":"","_kad_post_vertical_padding":"","_kad_post_feature":"","_kad_post_feature_position":"","_kad_post_header":false,"_kad_post_footer":false,"_kad_post_classname":"","footnotes":""},"class_list":["post-97","page","type-page","status-publish","hentry"],"taxonomy_info":[],"featured_image_src_large":false,"author_info":{"display_name":"admin","author_link":"https:\/\/tratwaszczecinek.pl\/index.php\/author\/admin\/"},"comment_info":0,"_links":{"self":[{"href":"https:\/\/tratwaszczecinek.pl\/index.php\/wp-json\/wp\/v2\/pages\/97","targetHints":{"allow":["GET"]}}],"collection":[{"href":"https:\/\/tratwaszczecinek.pl\/index.php\/wp-json\/wp\/v2\/pages"}],"about":[{"href":"https:\/\/tratwaszczecinek.pl\/index.php\/wp-json\/wp\/v2\/types\/page"}],"author":[{"embeddable":true,"href":"https:\/\/tratwaszczecinek.pl\/index.php\/wp-json\/wp\/v2\/users\/1"}],"replies":[{"embeddable":true,"href":"https:\/\/tratwaszczecinek.pl\/index.php\/wp-json\/wp\/v2\/comments?post=97"}],"version-history":[{"count":1,"href":"https:\/\/tratwaszczecinek.pl\/index.php\/wp-json\/wp\/v2\/pages\/97\/revisions"}],"predecessor-version":[{"id":98,"href":"https:\/\/tratwaszczecinek.pl\/index.php\/wp-json\/wp\/v2\/pages\/97\/revisions\/98"}],"wp:attachment":[{"href":"https:\/\/tratwaszczecinek.pl\/index.php\/wp-json\/wp\/v2\/media?parent=97"}],"curies":[{"name":"wp","href":"https:\/\/api.w.org\/{rel}","templated":true}]}}