{"id":99,"date":"2025-03-23T20:35:27","date_gmt":"2025-03-23T20:35:27","guid":{"rendered":"https:\/\/tratwaszczecinek.pl\/?page_id=99"},"modified":"2025-03-23T20:35:27","modified_gmt":"2025-03-23T20:35:27","slug":"punkt-konsultacyjny-ds-przemocy-domowej","status":"publish","type":"page","link":"https:\/\/tratwaszczecinek.pl\/index.php\/punkt-konsultacyjny-ds-przemocy-domowej\/","title":{"rendered":"Punkt Konsultacyjny ds. Przemocy Domowej"},"content":{"rendered":"<style>.kb-row-layout-id99_3cb7fa-d8 > .kt-row-column-wrap{align-content:start;}:where(.kb-row-layout-id99_3cb7fa-d8 > .kt-row-column-wrap) > .wp-block-kadence-column{justify-content:start;}.kb-row-layout-id99_3cb7fa-d8 > .kt-row-column-wrap{column-gap:var(--global-kb-gap-md, 2rem);row-gap:var(--global-kb-gap-md, 2rem);padding-top:var(--global-kb-spacing-sm, 1.5rem);padding-bottom:var(--global-kb-spacing-sm, 1.5rem);grid-template-columns:minmax(0, 1fr);}.kb-row-layout-id99_3cb7fa-d8 > .kt-row-layout-overlay{opacity:0.30;}@media all and (max-width: 1024px){.kb-row-layout-id99_3cb7fa-d8 > .kt-row-column-wrap{grid-template-columns:minmax(0, 1fr);}}@media all and (max-width: 767px){.kb-row-layout-id99_3cb7fa-d8 > .kt-row-column-wrap{grid-template-columns:minmax(0, 1fr);}}<\/style><div class=\"kb-row-layout-wrap kb-row-layout-id99_3cb7fa-d8 alignnone wp-block-kadence-rowlayout\"><div class=\"kt-row-column-wrap kt-has-1-columns kt-row-layout-equal kt-tab-layout-inherit kt-mobile-layout-row kt-row-valign-top\">\n<style>.kadence-column99_fb92d9-74 > .kt-inside-inner-col,.kadence-column99_fb92d9-74 > .kt-inside-inner-col:before{border-top-left-radius:0px;border-top-right-radius:0px;border-bottom-right-radius:0px;border-bottom-left-radius:0px;}.kadence-column99_fb92d9-74 > .kt-inside-inner-col{column-gap:var(--global-kb-gap-sm, 1rem);}.kadence-column99_fb92d9-74 > .kt-inside-inner-col{flex-direction:column;}.kadence-column99_fb92d9-74 > .kt-inside-inner-col > .aligncenter{width:100%;}.kadence-column99_fb92d9-74 > .kt-inside-inner-col:before{opacity:0.3;}.kadence-column99_fb92d9-74{position:relative;}@media all and (max-width: 1024px){.kadence-column99_fb92d9-74 > .kt-inside-inner-col{flex-direction:column;justify-content:center;}}@media all and (max-width: 767px){.kadence-column99_fb92d9-74 > .kt-inside-inner-col{flex-direction:column;justify-content:center;}}<\/style>\n<div class=\"wp-block-kadence-column kadence-column99_fb92d9-74\"><div class=\"kt-inside-inner-col\">\n<p>Oferta pomocowa skierowana jest do spo\u0142eczno\u015bci lokalnej mieszka\u0144c\u00f3w Szczecinka, w szczeg\u00f3lno\u015bci do os\u00f3b uwik\u0142anych w przemoc domow\u0105 i ich rodzin, kt\u00f3re:<\/p>\n\n\n\n<ul class=\"wp-block-list\">\n<li>do\u015bwiadczaj\u0105 przemocy domowej,<\/li>\n\n\n\n<li>s\u0105 \u015bwiadkami przemocy domowej chc\u0105cymi zainicjowa\u0107 dzia\u0142ania pomocowe,<\/li>\n\n\n\n<li>wspieraj\u0105 osoby doznaj\u0105ce przemocy,<\/li>\n\n\n\n<li>stosuj\u0105 przemoc,<\/li>\n\n\n\n<li>s\u0105 klientami b\u0105d\u017a podopiecznymi innych instytucji spo\u0142ecznych, plac\u00f3wek o\u015bwiatowych, ochrony zdrowia itp.<\/li>\n\n\n\n<li>maj\u0105 zawodowo kontakt z problemem przemocy, uczestnicz\u0105 w pracach grup diagnostyczno-pomocowych powo\u0142ywanych do opracowania plan\u00f3w pomocowych rodzinom uwik\u0142anym w przemoc,<\/li>\n\n\n\n<li>s\u0105 odbiorcami informacji o zjawisku przemocy i systemie wsparcia os\u00f3b do\u015bwiadczaj\u0105cych przemocy domowej.<\/li>\n<\/ul>\n\n\n\n<p>Osobom zg\u0142aszaj\u0105cym si\u0119 do Punktu Konsultacyjnego oferujemy:<\/p>\n\n\n\n<ul class=\"wp-block-list\">\n<li>diagnoz\u0119 problemu,<\/li>\n\n\n\n<li>wsparcie psychiczne,<\/li>\n\n\n\n<li>przekazywanie informacji o mo\u017cliwych formach pomocy i sposobach rozwiazywania problem\u00f3w,<\/li>\n\n\n\n<li>pomoc w formu\u0142owaniu pism urz\u0119dowych i procesowych,<\/li>\n\n\n\n<li>kierowanie do w\u0142a\u015bciwych s\u0142u\u017cb, instytucji, organizacji, o\u015brodk\u00f3w wsparcia dla os\u00f3b wsp\u00f3\u0142uzale\u017cnionych itp.<\/li>\n\n\n\n<li>konsultowanie trudnych spraw klient\u00f3w ze specjalistami w danej dziedzinie,<\/li>\n\n\n\n<li>podejmowanie interwencji na rzecz klient\u00f3w w r\u00f3\u017cnych s\u0142u\u017cbach i instytucjach,<\/li>\n\n\n\n<li>pomoc specjalistyczna w zakresie poradnictwa rodzinnego, indywidualnych konsultacji psychologicznych,<\/li>\n\n\n\n<li>porady prawne,<\/li>\n\n\n\n<li>mo\u017cliwo\u015b\u0107 skorzystania z przedstawicielstwa procesowego przed s\u0105dem w sprawach zwi\u0105zanych z przemoc\u0105 domow\u0105.<\/li>\n<\/ul>\n\n\n\n<p>Adres: Centrum Organizacji Pozarz\u0105dowych przy ul. Armii Krajowej 29, pok. 211<br>Godziny otwarcia:<br>Poniedzia\u0142ek 13.00-17.00<br>Wtorek 8.30-12.30<br>\u015aroda 8.30-12.30<br>Pi\u0105tek 8.30-12.30<\/p>\n\n\n\n<p>Kontakt<br>tel. 798 202 316 (dost\u0119pny w godzinach pracy Punktu)<br>tel. 502 152 845 (od poniedzia\u0142ku do pi\u0105tku w godz. 8 &#8211; 18)<\/p>\n<\/div><\/div>\n\n<\/div><\/div>\n\n\n<p><\/p>\n","protected":false},"excerpt":{"rendered":"<p>Oferta pomocowa skierowana jest do spo\u0142eczno\u015bci lokalnej mieszka\u0144c\u00f3w Szczecinka, w szczeg\u00f3lno\u015bci do os\u00f3b uwik\u0142anych w przemoc domow\u0105 i ich rodzin, kt\u00f3re: Osobom zg\u0142aszaj\u0105cym si\u0119 do Punktu Konsultacyjnego oferujemy: Adres: Centrum Organizacji Pozarz\u0105dowych przy ul. Armii Krajowej 29, pok. 211Godziny otwarcia:Poniedzia\u0142ek 13.00-17.00Wtorek 8.30-12.30\u015aroda 8.30-12.30Pi\u0105tek 8.30-12.30 Kontakttel. 798 202 316 (dost\u0119pny w godzinach pracy Punktu)tel. 502 152&#8230;<\/p>\n","protected":false},"author":1,"featured_media":0,"parent":0,"menu_order":0,"comment_status":"closed","ping_status":"closed","template":"","meta":{"_kad_blocks_custom_css":"","_kad_blocks_head_custom_js":"","_kad_blocks_body_custom_js":"","_kad_blocks_footer_custom_js":"","_kadence_starter_templates_imported_post":false,"_kad_post_transparent":"","_kad_post_title":"","_kad_post_layout":"","_kad_post_sidebar_id":"","_kad_post_content_style":"","_kad_post_vertical_padding":"","_kad_post_feature":"","_kad_post_feature_position":"","_kad_post_header":false,"_kad_post_footer":false,"_kad_post_classname":"","footnotes":""},"class_list":["post-99","page","type-page","status-publish","hentry"],"taxonomy_info":[],"featured_image_src_large":false,"author_info":{"display_name":"admin","author_link":"https:\/\/tratwaszczecinek.pl\/index.php\/author\/admin\/"},"comment_info":0,"_links":{"self":[{"href":"https:\/\/tratwaszczecinek.pl\/index.php\/wp-json\/wp\/v2\/pages\/99","targetHints":{"allow":["GET"]}}],"collection":[{"href":"https:\/\/tratwaszczecinek.pl\/index.php\/wp-json\/wp\/v2\/pages"}],"about":[{"href":"https:\/\/tratwaszczecinek.pl\/index.php\/wp-json\/wp\/v2\/types\/page"}],"author":[{"embeddable":true,"href":"https:\/\/tratwaszczecinek.pl\/index.php\/wp-json\/wp\/v2\/users\/1"}],"replies":[{"embeddable":true,"href":"https:\/\/tratwaszczecinek.pl\/index.php\/wp-json\/wp\/v2\/comments?post=99"}],"version-history":[{"count":1,"href":"https:\/\/tratwaszczecinek.pl\/index.php\/wp-json\/wp\/v2\/pages\/99\/revisions"}],"predecessor-version":[{"id":100,"href":"https:\/\/tratwaszczecinek.pl\/index.php\/wp-json\/wp\/v2\/pages\/99\/revisions\/100"}],"wp:attachment":[{"href":"https:\/\/tratwaszczecinek.pl\/index.php\/wp-json\/wp\/v2\/media?parent=99"}],"curies":[{"name":"wp","href":"https:\/\/api.w.org\/{rel}","templated":true}]}}